{"id":22,"date":"2020-10-30T19:49:49","date_gmt":"2020-10-30T19:49:49","guid":{"rendered":"http:\/\/www.cmasanturce.online\/?page_id=22"},"modified":"2022-11-30T18:04:52","modified_gmt":"2022-11-30T18:04:52","slug":"inicio","status":"publish","type":"page","link":"http:\/\/www.bayamon-military.com\/","title":{"rendered":"Inicio"},"content":{"rendered":"\t\t<div data-elementor-type=\"wp-page\" data-elementor-id=\"22\" class=\"elementor elementor-22\">\n\t\t\t\t\t\t\t\t\t<section class=\"elementor-section elementor-top-section elementor-element elementor-element-b149eb3 elementor-section-boxed elementor-section-height-default elementor-section-height-default\" data-id=\"b149eb3\" data-element_type=\"section\" data-settings=\"{&quot;background_background&quot;:&quot;classic&quot;}\">\n\t\t\t\t\t\t<div class=\"elementor-container elementor-column-gap-default\">\n\t\t\t\t\t<div class=\"elementor-column elementor-col-100 elementor-top-column elementor-element elementor-element-3406cea\" data-id=\"3406cea\" data-element_type=\"column\">\n\t\t\t<div class=\"elementor-widget-wrap elementor-element-populated\">\n\t\t\t\t\t\t\t\t<div class=\"elementor-element elementor-element-315f156 elementor-invisible elementor-widget elementor-widget-image\" data-id=\"315f156\" data-element_type=\"widget\" data-settings=\"{&quot;_animation&quot;:&quot;fadeIn&quot;}\" data-widget_type=\"image.default\">\n\t\t\t\t<div class=\"elementor-widget-container\">\n\t\t\t\t\t\t\t\t\t\t\t\t\t\t\t<img fetchpriority=\"high\" decoding=\"async\" width=\"400\" height=\"504\" src=\"http:\/\/www.bayamon-military.com\/wp-content\/uploads\/2021\/06\/logo-bma-small.png\" class=\"attachment-large size-large wp-image-11546\" alt=\"\" srcset=\"http:\/\/www.bayamon-military.com\/wp-content\/uploads\/2021\/06\/logo-bma-small.png 400w, http:\/\/www.bayamon-military.com\/wp-content\/uploads\/2021\/06\/logo-bma-small-238x300.png 238w\" sizes=\"(max-width: 400px) 100vw, 400px\" \/>\t\t\t\t\t\t\t\t\t\t\t\t\t\t\t<\/div>\n\t\t\t\t<\/div>\n\t\t\t\t\t<\/div>\n\t\t<\/div>\n\t\t\t\t\t\t\t<\/div>\n\t\t<\/section>\n\t\t\t\t<section class=\"elementor-section elementor-top-section elementor-element elementor-element-2abb277 elementor-section-boxed elementor-section-height-default elementor-section-height-default\" data-id=\"2abb277\" data-element_type=\"section\">\n\t\t\t\t\t\t<div class=\"elementor-container elementor-column-gap-default\">\n\t\t\t\t\t<div class=\"elementor-column elementor-col-100 elementor-top-column elementor-element elementor-element-1e9fae2\" data-id=\"1e9fae2\" data-element_type=\"column\">\n\t\t\t<div class=\"elementor-widget-wrap elementor-element-populated\">\n\t\t\t\t\t\t\t\t<div class=\"elementor-element elementor-element-2081e887 elementor-invisible elementor-widget elementor-widget-elementskit-simple-tab\" data-id=\"2081e887\" data-element_type=\"widget\" data-settings=\"{&quot;_animation&quot;:&quot;fadeIn&quot;}\" data-widget_type=\"elementskit-simple-tab.default\">\n\t\t\t\t<div class=\"elementor-widget-container\">\n\t\t\t<div class=\"ekit-wid-con\" >        <div class=\"elementkit-tab-wraper  \">\n            <ul class=\"nav nav-tabs elementkit-tab-nav  elementskit_heartbit_style elementskit_heartbit_style elementskit-fullwidth-tab\">\n                                    <li class=\"elementkit-nav-item elementor-repeater-item-e7fb3c4\">\n                        <a class=\"elementkit-nav-link  active show top-pos\" id=\"content-e7fb3c469fa01795b007-tab\" data-ekit-handler-id=\"misi-n\" data-ekit-toggle=\"tab\" data-target=\"#content-e7fb3c469fa01795b007\" href=\"#Content-e7fb3c469fa01795b007\"\n                            data-ekit-toggle-trigger=\"click\"\n                            aria-describedby=\"Content-e7fb3c469fa01795b007\">\n                                                        <span class=\"elementskit-tab-title\"> MISI\u00d3N<\/span>\n                        <\/a>\n                    <\/li>\n                                        <li class=\"elementkit-nav-item elementor-repeater-item-9077dfd\">\n                        <a class=\"elementkit-nav-link  top-pos\" id=\"content-9077dfd69fa01795b007-tab\" data-ekit-handler-id=\"visi-n\" data-ekit-toggle=\"tab\" data-target=\"#content-9077dfd69fa01795b007\" href=\"#Content-9077dfd69fa01795b007\"\n                            data-ekit-toggle-trigger=\"click\"\n                            aria-describedby=\"Content-9077dfd69fa01795b007\">\n                                                        <span class=\"elementskit-tab-title\"> VISI\u00d3N<\/span>\n                        <\/a>\n                    <\/li>\n                                        <li class=\"elementkit-nav-item elementor-repeater-item-00f52ae\">\n                        <a class=\"elementkit-nav-link  top-pos\" id=\"content-00f52ae69fa01795b007-tab\" data-ekit-handler-id=\"historia\" data-ekit-toggle=\"tab\" data-target=\"#content-00f52ae69fa01795b007\" href=\"#Content-00f52ae69fa01795b007\"\n                            data-ekit-toggle-trigger=\"click\"\n                            aria-describedby=\"Content-00f52ae69fa01795b007\">\n                                                        <span class=\"elementskit-tab-title\"> HISTORIA<\/span>\n                        <\/a>\n                    <\/li>\n                                <\/ul>\n\n            <div class=\"tab-content elementkit-tab-content\">\n                                    <div class=\"tab-pane elementkit-tab-pane elementor-repeater-item-e7fb3c4  active show\" id=\"content-e7fb3c469fa01795b007\" role=\"tabpanel\"\n                         aria-labelledby=\"content-e7fb3c469fa01795b007-tab\">\n                        <div class=\"animated fadeIn\">\n                            <h2 style=\"text-align: left;\">\u00a0<\/h2><h2 style=\"text-align: left;\">MISI\u00d3N<\/h2><p style=\"text-align: left;\">Bayam\u00f3n Military Academy provee una educaci\u00f3n que desarrolla las capacidades, habilidades y cualidades de liderazgo para los estudiantes, desde pre-kinder hasta duod\u00e9cimo grado, basado en un enfoque militar. Ofrecemos una educaci\u00f3n integral en un ambiente de respeto, lealtad y cooperaci\u00f3n, que prepara a nuestros estudiantes hacia una educaci\u00f3n post-secundaria.<\/p><p style=\"text-align: left;\">\u00a0<\/p>                        <\/div>\n                    <\/div>\n                                    <div class=\"tab-pane elementkit-tab-pane elementor-repeater-item-9077dfd \" id=\"content-9077dfd69fa01795b007\" role=\"tabpanel\"\n                         aria-labelledby=\"content-9077dfd69fa01795b007-tab\">\n                        <div class=\"animated fadeIn\">\n                            <div id=\"u7063-6\" class=\"tab-headline clearfix colelem shared_content\" data-muse-uid=\"U7063\" data-muse-type=\"txt_frame\" data-ibe-flags=\"txtStyleSrc\" data-content-guid=\"u7063-6_content\"><div id=\"u7063-5\" class=\"h2-Tab-Heading\"><h2>NUESTRA<\/h2><h2>VISI\u00d3N<\/h2><p>\u00a0<\/p><\/div><\/div><div id=\"u7064-13\" class=\"P-Body-Copy clearfix colelem shared_content\" data-muse-uid=\"U7064\" data-muse-type=\"txt_frame\" data-ibe-flags=\"txtStyleSrc\" data-content-guid=\"u7064-13_content\"><p>Formar estudiantes L\u00edderes y de Valores. Un Estudiante capaz de analizar cr\u00edticamente como l\u00edder activo, que interact\u00fae en la sociedad reconociendo sus fortalezas y respetando la diversidad. Preparamos un adulto de excelencia humana y acad\u00e9mica capaz de contribuir positiva y activamente a la sociedad.<\/p><\/div>                        <\/div>\n                    <\/div>\n                                    <div class=\"tab-pane elementkit-tab-pane elementor-repeater-item-00f52ae \" id=\"content-00f52ae69fa01795b007\" role=\"tabpanel\"\n                         aria-labelledby=\"content-00f52ae69fa01795b007-tab\">\n                        <div class=\"animated fadeIn\">\n                            <div id=\"u7100-6\" class=\"tab-headline clearfix grpelem shared_content\" data-muse-uid=\"U7100\" data-muse-type=\"txt_frame\" data-ibe-flags=\"txtStyleSrc\" data-content-guid=\"u7100-6_content\"><div id=\"u7100-5\" class=\"h2-Tab-Heading\"><h2 style=\"text-align: center;\">NUESTRA<\/h2><h2 style=\"text-align: center;\">HISTORIA<\/h2><\/div><\/div><div id=\"u46871\" class=\"rounded-corners clip_frame grpelem shared_content\" data-muse-uid=\"U46871\" data-muse-type=\"img_frame\" data-content-guid=\"u46871_content\"><div class=\"clip_frame\">\u00a0<\/div><\/div><div id=\"u7101-9\" class=\"P-Body-Copy clearfix grpelem shared_content\" data-muse-uid=\"U7101\" data-muse-type=\"txt_frame\" data-ibe-flags=\"txtStyleSrc\" data-content-guid=\"u7101-9_content\"><p>Bayam\u00f3n Military Academy es una instituci\u00f3n educativa privada, no sectaria, de fines no pecuniarios, establecida en el 1975, dedicada a la educaci\u00f3n de ni\u00f1os y j\u00f3venes de ambos sexos desde Pre-Kinder hasta el Duod\u00e9cimo grado. Ofrecemos educaci\u00f3n biling\u00fce desde el primer grado; las clases de ciencias y matem\u00e1ticas son ofrecidas en espa\u00f1ol e ingl\u00e9s, seg\u00fan lo ameriten los estudiantes. Operamos en un a\u00f1o escolar de dos semestres y ofrecemos escuela de verano anualmente durante el mes de junio. Es dirigida por una Junta de Directores y mantiene una licencia de operaci\u00f3n otorgada por el Consejo General de Educaci\u00f3n de Puerto Rico; est\u00e1 acreditada por la \u201cMiddle States Association of Colleges &amp; Schools\u201d y por la Comisi\u00f3n Acreditadora de Instituciones Educativas.<\/p><p>Llevamos m\u00e1s de 40 a\u00f1os formando l\u00edderes, convirti\u00e9ndonos en una de las m\u00e1s importantes escuelas a nivel educativo y deportivo del pa\u00eds. Cada a\u00f1o nuestros estudiantes son elegidos en las principales universidades de Puerto Rico y Estados Unidos. Con gran orgullo graduamos estudiantes de alto rendimiento a nuestra sociedad. Hombres y mujeres con grandes actitudes y valores que se manifiestan de forma responsable y productiva ante una sociedad cambiante.<\/p><\/div>                        <\/div>\n                    <\/div>\n                            <\/div>\n        <\/div>\n    <\/div>\t\t<\/div>\n\t\t\t\t<\/div>\n\t\t\t\t\t<\/div>\n\t\t<\/div>\n\t\t\t\t\t\t\t<\/div>\n\t\t<\/section>\n\t\t\t\t<section class=\"elementor-section elementor-top-section elementor-element elementor-element-e74a80d elementor-section-boxed elementor-section-height-default elementor-section-height-default\" data-id=\"e74a80d\" data-element_type=\"section\">\n\t\t\t\t\t\t<div class=\"elementor-container elementor-column-gap-default\">\n\t\t\t\t\t<div class=\"elementor-column elementor-col-100 elementor-top-column elementor-element elementor-element-0cfa2f1\" data-id=\"0cfa2f1\" data-element_type=\"column\">\n\t\t\t<div class=\"elementor-widget-wrap elementor-element-populated\">\n\t\t\t\t\t\t\t\t<div class=\"elementor-element elementor-element-cc8e8e4 elementor-widget elementor-widget-heading\" data-id=\"cc8e8e4\" data-element_type=\"widget\" data-widget_type=\"heading.default\">\n\t\t\t\t<div class=\"elementor-widget-container\">\n\t\t\t<h1 class=\"elementor-heading-title elementor-size-default\">Noticias BMA<\/h1>\t\t<\/div>\n\t\t\t\t<\/div>\n\t\t\t\t\t<\/div>\n\t\t<\/div>\n\t\t\t\t\t\t\t<\/div>\n\t\t<\/section>\n\t\t\t\t<section class=\"elementor-section elementor-top-section elementor-element elementor-element-8921afe elementor-section-stretched elementor-section-boxed elementor-section-height-default elementor-section-height-default\" data-id=\"8921afe\" data-element_type=\"section\" data-settings=\"{&quot;stretch_section&quot;:&quot;section-stretched&quot;}\">\n\t\t\t\t\t\t<div class=\"elementor-container elementor-column-gap-default\">\n\t\t\t\t\t<div class=\"elementor-column elementor-col-100 elementor-top-column elementor-element elementor-element-41985ba\" data-id=\"41985ba\" data-element_type=\"column\">\n\t\t\t<div class=\"elementor-widget-wrap elementor-element-populated\">\n\t\t\t\t\t\t\t\t<div class=\"elementor-element elementor-element-3c9da89 elementor-widget elementor-widget-elementskit-blog-posts\" data-id=\"3c9da89\" data-element_type=\"widget\" data-widget_type=\"elementskit-blog-posts.default\">\n\t\t\t\t<div class=\"elementor-widget-container\">\n\t\t\t<div class=\"ekit-wid-con\" >        <div id=\"post-items--3c9da89\" class=\"row post-items\" data-masonry-config=\"true\">\n                    <div class=\"col-lg-4 col-md-6\">\n\n                                    <div class=\"elementskit-post-image-card\">\n                        <div class=\"elementskit-entry-header\">\n                                                            <a href=\"http:\/\/www.bayamon-military.com\/index.php\/2024\/01\/08\/dancing-eagles\/\" class=\"elementskit-entry-thumb\">\n                                    <img decoding=\"async\" src=\"http:\/\/www.bayamon-military.com\/wp-content\/uploads\/2024\/01\/410320801_876008251194272_7829178037032041_n-768x537.jpg\" alt=\"Dancing Eagles\">\n                                <\/a><!-- .elementskit-entry-thumb END -->\n                                                                                                    <div class=\"elementskit-meta-lists\">\n                                        <div class=\"elementskit-single-meta\"><span class=\"elementskit-meta-wraper\"><strong>08<\/strong>Jan<\/span><\/div>\n                                    <\/div>\n                                                                                            \n                            \n\t\t\t\t\t\t\t\t\t\t\t\t\t<\/div><!-- .elementskit-entry-header END -->\n\n\t\t\t\t\t\t<div class=\"elementskit-post-body \">\n\t\t\t\t\t\t\t\n\t\t\t\t\t\t\t\t\t\t\t\t\t\t\t\t\t\t\t\t\t\t\t\t\t\n\t\t\t\t\t\t\t\t\n\t\t\t\t\t\t\t\t\t\t\t\t\t\t\t\t\t\t\t\t\t<h2 class=\"entry-title\">\n\t\t\t\t\t<a href=\"http:\/\/www.bayamon-military.com\/index.php\/2024\/01\/08\/dancing-eagles\/\">\n\t\t\t\t\t\tDancing Eagles\t\t\t\t\t<\/a>\n\t\t\t\t<\/h2>\n\t\t\t\t\t\t\t\t\t\t\t\t\t\t\t\t\t\t\t\t\t\t\t\t\t\t\t\t\t\t\t\t\t\t\t\t\t\t\t\t\t\t<p>A nuestro equipo de baile &#8220;Dancing Eagles&#8221; les esperan muchos retos y experiencias este nuevo a\u00f1o, tanto Mini como Superior #OrgulloBMA<\/p>\n\t\t\t\t\t\t\t\t\t\t\t\t\t\t\t\t\t\t\t\t\t\t                                                            <div class=\"btn-wraper\">\n                                    \n                                                                            <a href=\"http:\/\/www.bayamon-military.com\/index.php\/2024\/01\/08\/dancing-eagles\/\" class=\"elementskit-btn  whitespace--normal\" >\n                                                                                    Leer M\u00e1s                                        <\/a>\n                                                                    <\/div>\n                                                    <\/div><!-- .elementskit-post-body END -->\n                    <\/div>\n                \n            <\/div>\n                    <div class=\"col-lg-4 col-md-6\">\n\n                                    <div class=\"elementskit-post-image-card\">\n                        <div class=\"elementskit-entry-header\">\n                                                            <a href=\"http:\/\/www.bayamon-military.com\/index.php\/2024\/01\/08\/clases-de-musica-en-bma\/\" class=\"elementskit-entry-thumb\">\n                                    <img decoding=\"async\" src=\"http:\/\/www.bayamon-military.com\/wp-content\/uploads\/2024\/01\/IMG-20231222-WA0002.jpg\" alt=\"Clases de M\u00fasica en BMA\">\n                                <\/a><!-- .elementskit-entry-thumb END -->\n                                                                                                    <div class=\"elementskit-meta-lists\">\n                                        <div class=\"elementskit-single-meta\"><span class=\"elementskit-meta-wraper\"><strong>08<\/strong>Jan<\/span><\/div>\n                                    <\/div>\n                                                                                            \n                            \n\t\t\t\t\t\t\t\t\t\t\t\t\t<\/div><!-- .elementskit-entry-header END -->\n\n\t\t\t\t\t\t<div class=\"elementskit-post-body \">\n\t\t\t\t\t\t\t\n\t\t\t\t\t\t\t\t\t\t\t\t\t\t\t\t\t\t\t\t\t\t\t\t\t\n\t\t\t\t\t\t\t\t\n\t\t\t\t\t\t\t\t\t\t\t\t\t\t\t\t\t\t\t\t\t<h2 class=\"entry-title\">\n\t\t\t\t\t<a href=\"http:\/\/www.bayamon-military.com\/index.php\/2024\/01\/08\/clases-de-musica-en-bma\/\">\n\t\t\t\t\t\tClases de M\u00fasica en BMA\t\t\t\t\t<\/a>\n\t\t\t\t<\/h2>\n\t\t\t\t\t\t\t\t\t\t\t\t\t\t\t\t\t\t\t\t\t\t\t\t\t\t\t\t\t\t\t\t\t\t\t\t\t\t\t\t\t\t<p>Para m\u00e1s informaci\u00f3n comunicarse directamente a la Academia (787)-798-6510<\/p>\n\t\t\t\t\t\t\t\t\t\t\t\t\t\t\t\t\t\t\t\t\t\t                                                            <div class=\"btn-wraper\">\n                                    \n                                                                            <a href=\"http:\/\/www.bayamon-military.com\/index.php\/2024\/01\/08\/clases-de-musica-en-bma\/\" class=\"elementskit-btn  whitespace--normal\" >\n                                                                                    Leer M\u00e1s                                        <\/a>\n                                                                    <\/div>\n                                                    <\/div><!-- .elementskit-post-body END -->\n                    <\/div>\n                \n            <\/div>\n                    <div class=\"col-lg-4 col-md-6\">\n\n                                    <div class=\"elementskit-post-image-card\">\n                        <div class=\"elementskit-entry-header\">\n                                                            <a href=\"http:\/\/www.bayamon-military.com\/index.php\/2024\/01\/08\/comienzo-segundo-semestre-escolar-2023-24\/\" class=\"elementskit-entry-thumb\">\n                                    <img decoding=\"async\" src=\"http:\/\/www.bayamon-military.com\/wp-content\/uploads\/2024\/01\/417770973_895081585953605_7795663093796385542_n-768x768.jpg\" alt=\"Comienzo Segundo Semestre Escolar 2023-24\">\n                                <\/a><!-- .elementskit-entry-thumb END -->\n                                                                                                    <div class=\"elementskit-meta-lists\">\n                                        <div class=\"elementskit-single-meta\"><span class=\"elementskit-meta-wraper\"><strong>08<\/strong>Jan<\/span><\/div>\n                                    <\/div>\n                                                                                            \n                            \n\t\t\t\t\t\t\t\t\t\t\t\t\t<\/div><!-- .elementskit-entry-header END -->\n\n\t\t\t\t\t\t<div class=\"elementskit-post-body \">\n\t\t\t\t\t\t\t\n\t\t\t\t\t\t\t\t\t\t\t\t\t\t\t\t\t\t\t\t\t\t\t\t\t\n\t\t\t\t\t\t\t\t\n\t\t\t\t\t\t\t\t\t\t\t\t\t\t\t\t\t\t\t\t\t<h2 class=\"entry-title\">\n\t\t\t\t\t<a href=\"http:\/\/www.bayamon-military.com\/index.php\/2024\/01\/08\/comienzo-segundo-semestre-escolar-2023-24\/\">\n\t\t\t\t\t\tComienzo Segundo Semestre Escolar 2023-24\t\t\t\t\t<\/a>\n\t\t\t\t<\/h2>\n\t\t\t\t\t\t\t\t\t\t\t\t\t\t\t\t\t\t\t\t\t\t\t\t\t\t\t\t\t\t\t\t\t\t\t\t\t\t\t\t\t\t\t\t\t\t\t\t\t\t\t\t\t\t\t\t\t\t\t\t\t\t\t\t                                                            <div class=\"btn-wraper\">\n                                    \n                                                                            <a href=\"http:\/\/www.bayamon-military.com\/index.php\/2024\/01\/08\/comienzo-segundo-semestre-escolar-2023-24\/\" class=\"elementskit-btn  whitespace--normal\" >\n                                                                                    Leer M\u00e1s                                        <\/a>\n                                                                    <\/div>\n                                                    <\/div><!-- .elementskit-post-body END -->\n                    <\/div>\n                \n            <\/div>\n                <\/div>\n       <\/div>\t\t<\/div>\n\t\t\t\t<\/div>\n\t\t\t\t\t<\/div>\n\t\t<\/div>\n\t\t\t\t\t\t\t<\/div>\n\t\t<\/section>\n\t\t\t\t<section class=\"elementor-section elementor-top-section elementor-element elementor-element-407c064 elementor-section-boxed elementor-section-height-default elementor-section-height-default\" data-id=\"407c064\" data-element_type=\"section\">\n\t\t\t\t\t\t<div class=\"elementor-container elementor-column-gap-default\">\n\t\t\t\t\t<div class=\"elementor-column elementor-col-100 elementor-top-column elementor-element elementor-element-cffcdb8\" data-id=\"cffcdb8\" data-element_type=\"column\">\n\t\t\t<div class=\"elementor-widget-wrap elementor-element-populated\">\n\t\t\t\t\t\t\t\t<div class=\"elementor-element elementor-element-af907b7 elementor-widget elementor-widget-spacer\" data-id=\"af907b7\" data-element_type=\"widget\" data-widget_type=\"spacer.default\">\n\t\t\t\t<div class=\"elementor-widget-container\">\n\t\t\t\t\t<div class=\"elementor-spacer\">\n\t\t\t<div class=\"elementor-spacer-inner\"><\/div>\n\t\t<\/div>\n\t\t\t\t<\/div>\n\t\t\t\t<\/div>\n\t\t\t\t\t<\/div>\n\t\t<\/div>\n\t\t\t\t\t\t\t<\/div>\n\t\t<\/section>\n\t\t\t\t<section class=\"elementor-section elementor-top-section elementor-element elementor-element-fa73913 elementor-section-boxed elementor-section-height-default elementor-section-height-default\" data-id=\"fa73913\" data-element_type=\"section\">\n\t\t\t\t\t\t<div class=\"elementor-container elementor-column-gap-default\">\n\t\t\t\t\t\t\t\t<\/div>\n\t\t<\/section>\n\t\t\t\t<section class=\"elementor-section elementor-top-section elementor-element elementor-element-d53d502 elementor-section-boxed elementor-section-height-default elementor-section-height-default\" data-id=\"d53d502\" data-element_type=\"section\">\n\t\t\t\t\t\t<div class=\"elementor-container elementor-column-gap-default\">\n\t\t\t\t\t<div class=\"elementor-column elementor-col-100 elementor-top-column elementor-element elementor-element-ddc1443\" data-id=\"ddc1443\" data-element_type=\"column\">\n\t\t\t<div class=\"elementor-widget-wrap elementor-element-populated\">\n\t\t\t\t\t\t\t\t<div class=\"elementor-element elementor-element-d9eb410 elementor-widget elementor-widget-heading\" data-id=\"d9eb410\" data-element_type=\"widget\" data-widget_type=\"heading.default\">\n\t\t\t\t<div class=\"elementor-widget-container\">\n\t\t\t<h1 class=\"elementor-heading-title elementor-size-default\">Video<\/h1>\t\t<\/div>\n\t\t\t\t<\/div>\n\t\t\t\t\t<\/div>\n\t\t<\/div>\n\t\t\t\t\t\t\t<\/div>\n\t\t<\/section>\n\t\t\t\t<section class=\"elementor-section elementor-top-section elementor-element elementor-element-2ef4841 elementor-section-boxed elementor-section-height-default elementor-section-height-default\" data-id=\"2ef4841\" data-element_type=\"section\">\n\t\t\t\t\t\t<div class=\"elementor-container elementor-column-gap-default\">\n\t\t\t\t\t<div class=\"elementor-column elementor-col-100 elementor-top-column elementor-element elementor-element-c124661\" data-id=\"c124661\" data-element_type=\"column\">\n\t\t\t<div class=\"elementor-widget-wrap elementor-element-populated\">\n\t\t\t\t\t\t\t\t<div class=\"elementor-element elementor-element-5be899a elementor-invisible elementor-widget elementor-widget-video\" data-id=\"5be899a\" data-element_type=\"widget\" data-settings=\"{&quot;video_type&quot;:&quot;hosted&quot;,&quot;show_image_overlay&quot;:&quot;yes&quot;,&quot;image_overlay&quot;:{&quot;url&quot;:&quot;http:\\\/\\\/www.bayamon-military.com\\\/wordpress\\\/wp-content\\\/uploads\\\/2021\\\/06\\\/atletismo-hero-u42395-fr4.jpg&quot;,&quot;id&quot;:11590,&quot;size&quot;:&quot;&quot;},&quot;_animation&quot;:&quot;fadeIn&quot;,&quot;controls&quot;:&quot;yes&quot;}\" data-widget_type=\"video.default\">\n\t\t\t\t<div class=\"elementor-widget-container\">\n\t\t\t\t\t<div class=\"e-hosted-video elementor-wrapper elementor-open-inline\">\n\t\t\t\t\t<video class=\"elementor-video\" src=\"http:\/\/www.bayamon-military.com\/wordpress\/wp-content\/uploads\/2021\/06\/bma-_educacion-de-pelicula_.mp4\" controls=\"\" preload=\"metadata\" controlsList=\"nodownload\"><\/video>\n\t\t\t\t\t\t<div class=\"elementor-custom-embed-image-overlay\" style=\"background-image: url(http:\/\/www.bayamon-military.com\/wp-content\/uploads\/2021\/06\/atletismo-hero-u42395-fr4.jpg);\">\n\t\t\t\t\t\t\t\t\t\t\t\t\t\t\t\t<div class=\"elementor-custom-embed-play\" role=\"button\" aria-label=\"Play Video\" tabindex=\"0\">\n\t\t\t\t\t\t\t<i aria-hidden=\"true\" class=\"eicon-play\"><\/i>\t\t\t\t\t\t\t<span class=\"elementor-screen-only\">Play Video<\/span>\n\t\t\t\t\t\t<\/div>\n\t\t\t\t\t\t\t\t\t<\/div>\n\t\t\t\t\t<\/div>\n\t\t\t\t<\/div>\n\t\t\t\t<\/div>\n\t\t\t\t\t<\/div>\n\t\t<\/div>\n\t\t\t\t\t\t\t<\/div>\n\t\t<\/section>\n\t\t\t\t<section class=\"elementor-section elementor-top-section elementor-element elementor-element-5974d5b elementor-section-boxed elementor-section-height-default elementor-section-height-default\" data-id=\"5974d5b\" data-element_type=\"section\">\n\t\t\t\t\t\t<div class=\"elementor-container elementor-column-gap-default\">\n\t\t\t\t\t<div class=\"elementor-column elementor-col-100 elementor-top-column elementor-element elementor-element-d490b24\" data-id=\"d490b24\" data-element_type=\"column\">\n\t\t\t<div class=\"elementor-widget-wrap\">\n\t\t\t\t\t\t\t\t\t<\/div>\n\t\t<\/div>\n\t\t\t\t\t\t\t<\/div>\n\t\t<\/section>\n\t\t\t\t\t\t\t<\/div>\n\t\t","protected":false},"excerpt":{"rendered":"<p>MISI\u00d3N VISI\u00d3N HISTORIA \u00a0 MISI\u00d3N Bayam\u00f3n Military Academy provee una educaci\u00f3n que desarrolla las capacidades, habilidades y cualidades de liderazgo para los estudiantes, desde pre-kinder hasta duod\u00e9cimo grado, basado en un enfoque militar. Ofrecemos una educaci\u00f3n integral en un ambiente de respeto, lealtad y cooperaci\u00f3n, que prepara a nuestros estudiantes hacia una educaci\u00f3n post-secundaria. \u00a0 NUESTRA VISI\u00d3N \u00a0 Formar estudiantes [&hellip;]<\/p>\n","protected":false},"author":1,"featured_media":0,"parent":0,"menu_order":0,"comment_status":"closed","ping_status":"closed","template":"elementor_header_footer","meta":{"footnotes":""},"class_list":["post-22","page","type-page","status-publish","hentry"],"jetpack_sharing_enabled":true,"_links":{"self":[{"href":"http:\/\/www.bayamon-military.com\/index.php\/wp-json\/wp\/v2\/pages\/22","targetHints":{"allow":["GET"]}}],"collection":[{"href":"http:\/\/www.bayamon-military.com\/index.php\/wp-json\/wp\/v2\/pages"}],"about":[{"href":"http:\/\/www.bayamon-military.com\/index.php\/wp-json\/wp\/v2\/types\/page"}],"author":[{"embeddable":true,"href":"http:\/\/www.bayamon-military.com\/index.php\/wp-json\/wp\/v2\/users\/1"}],"replies":[{"embeddable":true,"href":"http:\/\/www.bayamon-military.com\/index.php\/wp-json\/wp\/v2\/comments?post=22"}],"version-history":[{"count":166,"href":"http:\/\/www.bayamon-military.com\/index.php\/wp-json\/wp\/v2\/pages\/22\/revisions"}],"predecessor-version":[{"id":12005,"href":"http:\/\/www.bayamon-military.com\/index.php\/wp-json\/wp\/v2\/pages\/22\/revisions\/12005"}],"wp:attachment":[{"href":"http:\/\/www.bayamon-military.com\/index.php\/wp-json\/wp\/v2\/media?parent=22"}],"curies":[{"name":"wp","href":"https:\/\/api.w.org\/{rel}","templated":true}]}}